{"id":571,"date":"2022-03-17T10:27:04","date_gmt":"2022-03-17T10:27:04","guid":{"rendered":"https:\/\/demo.creativethemes.com\/stagingsix\/?page_id=571"},"modified":"2025-01-16T00:59:23","modified_gmt":"2025-01-15T23:59:23","slug":"contact-a-digital-marketer-with-experience","status":"publish","type":"page","link":"https:\/\/paolinadigital.fr\/fr_fr\/contact-a-digital-marketer-with-experience\/","title":{"rendered":"Contacter"},"content":{"rendered":"<div class=\"wp-block-stackable-spacer stk-block-spacer stk--no-padding stk-block stk-6a8268d\" data-block-id=\"6a8268d\"><style>.stk-6a8268d{height:12px !important}@media screen and (max-width:999px){.stk-6a8268d{height:70px !important}}<\/style><\/div>\n\n\n\n<h1 class=\"wp-block-heading has-text-align-center has-large-font-size translation-block\" style=\"text-transform:capitalize\">Contacter!<\/h1>\n\n\n\n<h2 class=\"wp-block-heading has-text-align-center\"><span style=\"color: var(--theme-palette-color-2, #a6a6a6);\" class=\"stk-highlight\">Nous sommes sur le point d'entamer cette conversation<\/span><\/h2>\n\n\n\n<p class=\"has-text-align-center\" style=\"font-size:clamp(16.293px, 1.018rem + ((1vw - 3.2px) * 0.68), 25px);\" data-block-type=\"core\"><span style=\"color: var(--theme-palette-color-2, #a6a6a6);\" class=\"stk-highlight\">Parlez-moi un peu de vous, de votre entreprise et de vos d\u00e9fis dans le formulaire ci-dessous et <strong>je vous contacterai d\u00e8s que possible.<\/strong><\/span><\/p>\n\n\n\n<div class=\"wp-block-stackable-divider stk-block-divider stk-block stk-4206e05\" data-block-id=\"4206e05\"><style>.stk-4206e05{margin-bottom:64px !important}<\/style><hr class=\"stk-block-divider__hr\"\/><\/div>\n\n\n\n<div class=\"wp-block-stackable-columns stk-block-columns stk-block stk-971085f\" data-block-id=\"971085f\"><style>.stk-971085f{padding-top:0px !important;padding-right:0px !important;padding-bottom:0px !important;padding-left:0px !important;margin-bottom:0px !important}.stk-971085f-column{--stk-column-gap:35px !important;row-gap:35px !important}<\/style><div class=\"stk-row stk-inner-blocks stk-block-content stk-content-align stk-971085f-column\">\n<div class=\"wp-block-stackable-column stk-block-column stk-column stk-block stk-395ca3e\" data-v=\"4\" data-block-id=\"395ca3e\"><style>.stk-395ca3e-container{margin-top:0px !important;margin-right:0px !important;margin-bottom:0px !important;margin-left:0px !important}@media screen and (min-width:690px){.stk-395ca3e{flex:1 1 calc(50% - var(--stk-column-gap,0px) * 1 \/ 2 ) !important}}<\/style><div class=\"stk-column-wrapper stk-block-column__content stk-container stk-395ca3e-container stk--no-background stk--no-padding\"><div class=\"stk-block-content stk-inner-blocks stk-395ca3e-inner-blocks\">\n<figure class=\"wp-block-image size-full\" data-block-type=\"core\"><img decoding=\"async\" src=\"https:\/\/paolinadigital.fr\/wp-content\/uploads\/2023\/05\/Consultant_SocialMedia-PC.png\" alt=\"\" class=\"wp-image-803\"\/><\/figure>\n<\/div><\/div><\/div>\n\n\n\n<div class=\"wp-block-stackable-column stk-block-column stk-column stk-block stk-f3a4e91\" data-v=\"4\" data-block-id=\"f3a4e91\"><style>.stk-f3a4e91-container{margin-top:0px !important;margin-right:0px !important;margin-bottom:0px !important;margin-left:0px !important}.stk-f3a4e91{padding-left:30px !important}@media screen and (min-width:690px){.stk-f3a4e91{flex:1 1 calc(50% - var(--stk-column-gap,0px) * 1 \/ 2 ) !important}}@media screen and (max-width:689px){.stk-f3a4e91{padding-left:0px !important}}<\/style><div class=\"stk-column-wrapper stk-block-column__content stk-container stk-f3a4e91-container stk--no-background stk--no-padding\"><div class=\"stk-block-content stk-inner-blocks stk-f3a4e91-inner-blocks\">\n<script charset=\"utf-8\" type=\"text\/javascript\" src=\"\/\/js-eu1.hsforms.net\/forms\/embed\/v2.js\"><\/script>\n<script>\n  hbspt.forms.create({\n    region: \"eu1\",\n    portalId: \"26850739\",\n    formId: \"0cad11b4-343c-4d60-9903-e34ad0e6acef\"\n  });\n<\/script>\n<\/div><\/div><\/div>\n<\/div><\/div>\n\n\n\n<div class=\"wp-block-stackable-divider stk-block-divider stk-block stk-27fb55a\" data-block-id=\"27fb55a\"><hr class=\"stk-block-divider__hr\"\/><\/div>\n\n\n\n<h3 class=\"wp-block-heading has-text-align-center has-medium-font-size\" style=\"text-transform:uppercase\">Devis - Prix <\/h3>\n\n\n\n<p class=\"has-text-align-center\" style=\"font-size:clamp(16.293px, 1.018rem + ((1vw - 3.2px) * 0.68), 25px);\" data-block-type=\"core\"><span style=\"color: var(--theme-palette-color-2, #a6a6a6);\" class=\"stk-highlight\">Si vous souhaitez demander une <strong>devis pour votre entreprise<\/strong> ou si vous souhaitez un <strong>Formation sur les r\u00e9seaux sociaux<\/strong> ou une Strat\u00e9gie Marketing Digital | Conseil, cliquez <a href=\"https:\/\/www.linkedin.com\/in\/paolacasasbuenasb\/\" target=\"_blank\" rel=\"noreferrer noopener\">ici<\/a><\/span><\/p>\n\n\n\n<div class=\"wp-block-stackable-divider stk-block-divider stk-block stk-9e813a6\" data-block-id=\"9e813a6\"><hr class=\"stk-block-divider__hr\"\/><\/div>\n\n\n\n<h4 class=\"wp-block-heading has-text-align-center has-large-font-size\">Prenez contact avec nous !<\/h4>\n\n\n\n<div class=\"wp-block-stackable-columns stk-block-columns stk-block stk-f5554c3\" data-block-id=\"f5554c3\"><style>.stk-f5554c3{border-radius:25px !important;overflow:hidden !important;padding-right:80px !important;padding-bottom:60px !important;padding-left:80px !important;margin-bottom:0px !important}@media screen and (max-width:689px){.stk-f5554c3{padding-top:100px !important;padding-right:25px !important;padding-left:25px !important}}<\/style><div class=\"stk-row stk-inner-blocks has-text-align-center has-text-align-center-mobile stk-block-content stk-content-align stk-f5554c3-column\">\n<div class=\"wp-block-stackable-column stk-block-column stk-column stk-block stk-3f739b8\" data-v=\"4\" data-block-id=\"3f739b8\"><style>.stk-3f739b8-container{margin-top:0px !important;margin-right:0px !important;margin-bottom:0px !important;margin-left:0px !important}<\/style><div class=\"stk-column-wrapper stk-block-column__content stk-container stk-3f739b8-container stk--no-background stk--no-padding\"><div class=\"stk-block-content stk-inner-blocks stk-3f739b8-inner-blocks\">\n<div class=\"wp-block-stackable-columns aligncenter stk-block-columns stk-block stk-b536dc7 stk-block-background\" data-block-id=\"b536dc7\"><style>.stk-b536dc7{background-color:color-mix(in srgb,var(--theme-palette-color-2,#a6a6a6) 80%,transparent) !important;border-radius:25px !important;overflow:hidden !important;padding-top:60px !important;padding-right:35px !important;padding-bottom:60px !important;padding-left:35px !important;margin-bottom:0px !important}.stk-b536dc7:before{background-color:color-mix(in srgb,var(--theme-palette-color-2,#a6a6a6) 80%,transparent) !important}@media screen and (max-width:689px){.stk-b536dc7{padding-top:40px !important;padding-right:25px !important;padding-bottom:40px !important;padding-left:25px !important}}<\/style><div class=\"stk-row stk-inner-blocks has-text-align-center stk-block-content stk-content-align stk-b536dc7-column\">\n<div class=\"wp-block-stackable-column stk-block-column stk-column stk-block stk-c8c7b3b\" data-v=\"4\" data-block-id=\"c8c7b3b\"><style>.stk-c8c7b3b-container{margin-top:0px !important;margin-right:0px !important;margin-bottom:0px !important;margin-left:0px !important}<\/style><div class=\"stk-column-wrapper stk-block-column__content stk-container stk-c8c7b3b-container stk--no-background stk--no-padding\"><div class=\"has-text-align-center stk-block-content stk-inner-blocks stk-c8c7b3b-inner-blocks\">\n<div class=\"wp-block-stackable-image stk-block-image stk-block stk-ce21989\" data-block-id=\"ce21989\"><style>.stk-ce21989{margin-bottom:16px !important}.stk-ce21989 .stk-img-wrapper{width:40px !important}<\/style><figure><span class=\"stk-img-wrapper stk-image--shape-stretch\"><img loading=\"lazy\" decoding=\"async\" class=\"stk-img wp-image-1036\" src=\"https:\/\/paolinadigital.fr\/wp-content\/uploads\/2023\/06\/ici-paolina-digital-1.svg\" width=\"40\" height=\"300\"\/><\/span><\/figure><\/div>\n\n\n\n<div class=\"wp-block-stackable-heading stk-block-heading stk-block-heading--v2 stk-block stk-b33f874\" id=\"address\" data-block-id=\"b33f874\"><style>.stk-b33f874{margin-bottom:16px !important}.stk-b33f874 .stk-block-heading__text{font-size:20px !important;color:var(--theme-palette-color-8,#ffffff) !important}@media screen and (max-width:999px){.stk-b33f874 .stk-block-heading__text{font-size:20px !important}}<\/style><h5 class=\"stk-block-heading__text has-text-color has-palette-color-8-color\">Adresse<\/h5><\/div>\n\n\n\n<div class=\"wp-block-stackable-text stk-block-text stk-block stk-9fd81be\" data-block-id=\"9fd81be\"><style>.stk-9fd81be .stk-block-text__text{font-size:16px !important;color:var(--theme-palette-color-8,#ffffff) !important}@media screen and (max-width:999px){.stk-9fd81be .stk-block-text__text{font-size:16px !important}}<\/style><p class=\"stk-block-text__text has-text-color has-palette-color-8-color\">Rue Villars METZ, FR 57050<\/p><\/div>\n<\/div><\/div><\/div>\n\n\n\n<div class=\"wp-block-stackable-column stk-block-column stk-column stk-block stk-cdfd108\" data-v=\"4\" data-block-id=\"cdfd108\"><style>.stk-cdfd108-container{margin-top:0px !important;margin-right:0px !important;margin-bottom:0px !important;margin-left:0px !important}<\/style><div class=\"stk-column-wrapper stk-block-column__content stk-container stk-cdfd108-container stk--no-background stk--no-padding\"><div class=\"has-text-align-center stk-block-content stk-inner-blocks stk-cdfd108-inner-blocks\">\n<div class=\"wp-block-stackable-image stk-block-image stk-block stk-7d66949\" data-block-id=\"7d66949\"><style>.stk-7d66949{margin-bottom:16px !important}.stk-7d66949 .stk-img-wrapper{width:40px !important}<\/style><figure><span class=\"stk-img-wrapper stk-image--shape-stretch\"><img loading=\"lazy\" decoding=\"async\" class=\"stk-img wp-image-1040\" src=\"https:\/\/paolinadigital.fr\/wp-content\/uploads\/2023\/06\/email-paolina-digital-2.svg\" width=\"40\" height=\"300\"\/><\/span><\/figure><\/div>\n\n\n\n<div class=\"wp-block-stackable-heading stk-block-heading stk-block-heading--v2 stk-block stk-65e6609\" id=\"email-address\" data-block-id=\"65e6609\"><style>.stk-65e6609{margin-bottom:16px !important}.stk-65e6609 .stk-block-heading__text{font-size:20px !important;color:var(--theme-palette-color-8,#ffffff) !important}@media screen and (max-width:999px){.stk-65e6609 .stk-block-heading__text{font-size:20px !important}}<\/style><h5 class=\"stk-block-heading__text has-text-color has-palette-color-8-color\">Adresse e-mail<\/h5><\/div>\n\n\n\n<div class=\"wp-block-stackable-text stk-block-text stk-block stk-dc2c22f\" data-block-id=\"dc2c22f\"><style>.stk-dc2c22f .stk-block-text__text{font-size:16px !important;color:var(--theme-palette-color-8,#ffffff) !important}@media screen and (max-width:999px){.stk-dc2c22f .stk-block-text__text{font-size:16px !important}}<\/style><p class=\"stk-block-text__text has-text-color has-palette-color-8-color\">paola@paolinadigital.com<\/p><\/div>\n<\/div><\/div><\/div>\n\n\n\n<div class=\"wp-block-stackable-column stk-block-column stk-column stk-block stk-9646b4d\" data-v=\"4\" data-block-id=\"9646b4d\"><style>.stk-9646b4d-container{margin-top:0px !important;margin-right:0px !important;margin-bottom:0px !important;margin-left:0px !important}<\/style><div class=\"stk-column-wrapper stk-block-column__content stk-container stk-9646b4d-container stk--no-background stk--no-padding\"><div class=\"has-text-align-center stk-block-content stk-inner-blocks stk-9646b4d-inner-blocks\">\n<div class=\"wp-block-stackable-image stk-block-image stk-block stk-1ed4f0e\" data-block-id=\"1ed4f0e\"><style>.stk-1ed4f0e{margin-bottom:16px !important}.stk-1ed4f0e .stk-img-wrapper{width:40px !important}<\/style><figure><span class=\"stk-img-wrapper stk-image--shape-stretch\"><img loading=\"lazy\" decoding=\"async\" class=\"stk-img wp-image-1044\" src=\"https:\/\/paolinadigital.fr\/wp-content\/uploads\/2023\/06\/telephone-paolina-digital-1.svg\" width=\"40\" height=\"300\"\/><\/span><\/figure><\/div>\n\n\n\n<div class=\"wp-block-stackable-heading stk-block-heading stk-block-heading--v2 stk-block stk-43b0b49\" id=\"phone-numbers\" data-block-id=\"43b0b49\"><style>.stk-43b0b49{margin-bottom:16px !important}.stk-43b0b49 .stk-block-heading__text{font-size:20px !important;color:var(--theme-palette-color-8,#ffffff) !important}@media screen and (max-width:999px){.stk-43b0b49 .stk-block-heading__text{font-size:20px !important}}<\/style><h5 class=\"stk-block-heading__text has-text-color has-palette-color-8-color\">Num\u00e9ro de t\u00e9l\u00e9phone<\/h5><\/div>\n\n\n\n<div class=\"wp-block-stackable-text stk-block-text stk-block stk-3d09c82\" data-block-id=\"3d09c82\"><style>.stk-3d09c82 .stk-block-text__text{font-size:16px !important;color:var(--theme-palette-color-8,#ffffff) !important}@media screen and (max-width:999px){.stk-3d09c82 .stk-block-text__text{font-size:16px !important}}<\/style><p class=\"stk-block-text__text has-text-color has-palette-color-8-color\">+ 33 766704017<\/p><\/div>\n<\/div><\/div><\/div>\n<\/div><\/div>\n<\/div><\/div><\/div>\n<\/div><\/div>\n\n\n\n<div class=\"wp-block-stackable-spacer stk-block-spacer stk--no-padding stk-block stk-c902222\" data-block-id=\"c902222\"><style>.stk-c902222{height:34px !important}@media screen and (max-width:999px){.stk-c902222{height:70px !important}}<\/style><\/div>\n\n\n\n<div class=\"wp-block-stackable-divider stk-block-divider stk-block stk-0798394\" data-block-id=\"0798394\"><hr class=\"stk-block-divider__hr\"\/><\/div>\n\n\n\n<div class=\"wp-block-stackable-columns alignfull stk-block-columns stk--hide-mobile stk-block stk-1dbdcfb stk-block-background stk--has-background-overlay\" data-block-id=\"1dbdcfb\"><style>.stk-1dbdcfb{background-color:transparent !important;background-image:url(https:\/\/paolinadigital.fr\/wp-content\/uploads\/2021\/07\/decorative-shape.svg) !important;background-position:center right !important;background-repeat:no-repeat !important;background-size:850px !important;padding-top:0px !important;padding-right:0px !important;padding-bottom:0px !important;padding-left:0px !important;margin-bottom:0px !important;overflow:visible !important}.stk-1dbdcfb:before{background-color:transparent !important;opacity:0.5 !important}.stk-1dbdcfb .stk-container{overflow:visible !important}@media screen and (max-width:999px){.stk-1dbdcfb{background-size:600px !important}}@media screen and (max-width:689px){.stk-1dbdcfb{background-size:400px !important}}<\/style><div class=\"stk-row stk-inner-blocks stk-block-content stk-content-align stk-1dbdcfb-column\">\n<div class=\"wp-block-stackable-column stk-block-column stk-column stk-block stk-07d2bd2\" data-v=\"4\" data-block-id=\"07d2bd2\"><style>.stk-07d2bd2-container{margin-top:0px !important;margin-right:0px !important;margin-bottom:0px !important;margin-left:0px !important}<\/style><div class=\"stk-column-wrapper stk-block-column__content stk-container stk-07d2bd2-container stk--no-background stk--no-padding\"><div class=\"stk-block-content stk-inner-blocks stk-07d2bd2-inner-blocks\">\n<div class=\"wp-block-stackable-spacer stk-block-spacer stk--no-padding stk-block stk-92180fc\" data-block-id=\"92180fc\"><style>.stk-92180fc{height:30px !important}@media screen and (max-width:999px){.stk-92180fc{height:70px !important}}<\/style><\/div>\n\n\n\n<div class=\"wp-block-stackable-columns stk-block-columns stk-block stk-b99f1be stk-block-background\" data-block-id=\"b99f1be\"><style>.stk-b99f1be{background-color:var(--theme-palette-color-8,#ffffff) !important;background-position:center left !important;background-repeat:no-repeat !important;background-size:700px !important;border-radius:25px !important;overflow:hidden !important;box-shadow:0px 20px 80px 0px rgba(193,199,212,0.25) !important;padding-top:0px !important;padding-right:0px !important;padding-bottom:0px !important;padding-left:0px !important;margin-bottom:0px !important}.stk-b99f1be:before{background-color:var(--theme-palette-color-8,#ffffff) !important}@media screen and (max-width:999px){.stk-b99f1be{background-position:top center !important;background-size:400px !important}}<\/style><div class=\"stk-row stk-inner-blocks stk-block-content stk-content-align stk-b99f1be-column\">\n<div class=\"wp-block-stackable-column stk-block-column stk-column stk-block stk-d88b1ad\" data-v=\"4\" data-block-id=\"d88b1ad\"><div class=\"stk-column-wrapper stk-block-column__content stk-container stk-d88b1ad-container stk--no-background stk--no-padding\"><div class=\"stk-block-content stk-inner-blocks stk-d88b1ad-inner-blocks\">\n<div class=\"wp-block-columns is-layout-flex wp-container-core-columns-is-layout-28f84493 wp-block-columns-is-layout-flex\" data-block-type=\"core\">\n<div class=\"wp-block-column is-layout-flow wp-block-column-is-layout-flow\" data-block-type=\"core\">\n<div class=\"wp-block-cover alignwide is-light has-custom-content-position is-position-bottom-center wp-duotone-000000-ffffff-2\" style=\"margin-top:0;padding-top:48px;padding-right:48px;padding-bottom:48px;padding-left:48px;min-height:6vh;aspect-ratio:unset;\" data-block-type=\"core\"><span aria-hidden=\"true\" class=\"wp-block-cover__background has-background-dim-30 has-background-dim\"><\/span><div class=\"wp-block-cover__inner-container is-layout-constrained wp-container-core-cover-is-layout-47c97a4a wp-block-cover-is-layout-constrained\">\n<div class=\"wp-block-group is-content-justification-left is-layout-constrained wp-container-core-group-is-layout-0b562c1c wp-block-group-is-layout-constrained\" data-block-type=\"core\">\n<h2 class=\"wp-block-heading has-text-align-left has-white-color has-text-color\" style=\"margin-top:0;margin-bottom:0;font-size:clamp(23.043px, 1.44rem + ((1vw - 3.2px) * 1.169), 38px);font-style:normal;font-weight:700;letter-spacing:0px;line-height:1;text-transform:uppercase\">Savez-vous si vos r\u00e9seaux sociaux et votre site web sont optimis\u00e9s ?<\/h2>\n<\/div>\n\n\n\n<div style=\"height:25px\" aria-hidden=\"true\" class=\"wp-block-spacer\" data-block-type=\"core\"><\/div>\n\n\n\n<div class=\"wp-block-buttons is-content-justification-left is-nowrap is-layout-flex wp-container-core-buttons-is-layout-92e17da2 wp-block-buttons-is-layout-flex\" data-block-type=\"core\">\n<div class=\"wp-block-button has-custom-font-size is-style-outline is-style-outline--1\" style=\"font-size:clamp(14px, 0.875rem + ((1vw - 3.2px) * 0.156), 16px);font-style:normal;font-weight:600;letter-spacing:0px;text-transform:uppercase\" data-block-type=\"core\"><a class=\"wp-block-button__link has-white-color has-text-color wp-element-button\" href=\"https:\/\/calendly.com\/paolinadigital\" style=\"padding-top:24px;padding-right:48px;padding-bottom:24px;padding-left:48px\" target=\"_blank\" rel=\"noreferrer noopener\">Audit gratuit <\/a><\/div>\n<\/div>\n<\/div><\/div>\n<\/div>\n<\/div>\n<\/div><\/div><\/div>\n<\/div><\/div>\n\n\n\n<div class=\"wp-block-stackable-spacer stk-block-spacer stk--no-padding stk-block stk-dcbe41b\" data-block-id=\"dcbe41b\"><style>.stk-dcbe41b{height:40px !important}@media screen and (max-width:689px){.stk-dcbe41b{height:70px !important}}<\/style><\/div>\n<\/div><\/div><\/div>\n<\/div><\/div>","protected":false},"excerpt":{"rendered":"<p>Let&#8217;s Contact! We are about to get this conversation started Tell me a little about yourself, your company, and your challenges in the form below and I will contact you back as soon as possible. Quote &#8211; Prices If you want to request a quote for your business or if you want a Social Media [&hellip;]<\/p>\n","protected":false},"author":1,"featured_media":0,"parent":0,"menu_order":0,"comment_status":"closed","ping_status":"closed","template":"","meta":{"content-type":"","footnotes":""},"class_list":["post-571","page","type-page","status-publish","hentry"],"blocksy_meta":{"styles_descriptor":{"styles":{"desktop":"","tablet":"","mobile":""},"google_fonts":[],"version":6},"page_title_panel":"","has_hero_section":"disabled","839a7d51b0bfd88a1903c1a9924cd5bf":"","hero_section":"type-1","hero_elements":[{"id":"custom_title","enabled":true,"heading_tag":"h1","title":"Home"},{"id":"custom_description","enabled":true,"description_visibility":{"desktop":true,"tablet":true,"mobile":false}},{"id":"custom_meta","enabled":false,"meta_elements":[{"id":"author","enabled":true,"label":"By","has_author_avatar":"yes","avatar_size":25},{"id":"post_date","enabled":true,"label":"On","date_format_source":"default","date_format":"M j, Y"},{"id":"updated_date","enabled":false,"label":"On","date_format_source":"default","date_format":"M j, Y"},{"id":"categories","enabled":false,"label":"In","style":"simple"},{"id":"comments","enabled":true}],"page_meta_elements":{"joined":true,"articles_count":true,"comments":true}},{"id":"breadcrumbs","enabled":false}],"9ce6b35c2b690dfb222669425cda6cf3":"","hero_alignment1":"CT_CSS_SKIP_RULE","hero_margin":40,"hero_alignment2":"center","hero_vertical_alignment":"center","2444c5d730e231f971268a93b5085f39":"","hero_structure":"narrow","e40a36985f7c43dae473ef23c34538c6":"","page_title_bg_type":"featured_image","custom_hero_background":{"attachment_id":null},"parallax":{"desktop":false,"tablet":false,"mobile":false},"0ff2609f549f607358743587ec10b4b6":"","hero_height":"250px","pageTitleFont":{"family":"Default","variation":"Default","size":"30px","line-height":"CT_CSS_SKIP_RULE","letter-spacing":"CT_CSS_SKIP_RULE","text-transform":"CT_CSS_SKIP_RULE","text-decoration":"CT_CSS_SKIP_RULE"},"pageTitleFontColor":{"default":{"color":"CT_CSS_SKIP_RULEDEFAULT"}},"pageMetaFont":{"family":"Default","variation":"n6","size":"12px","line-height":"1.3","letter-spacing":"CT_CSS_SKIP_RULE","text-transform":"uppercase","text-decoration":"CT_CSS_SKIP_RULE"},"pageMetaFontColor":{"default":{"color":"CT_CSS_SKIP_RULEDEFAULT"},"hover":{"color":"CT_CSS_SKIP_RULEDEFAULT"}},"page_meta_button_type_font_colors":{"default":{"color":"CT_CSS_SKIP_RULEDEFAULT"},"hover":{"color":"CT_CSS_SKIP_RULEDEFAULT"}},"page_meta_button_type_background_colors":{"default":{"color":"CT_CSS_SKIP_RULEDEFAULT"},"hover":{"color":"CT_CSS_SKIP_RULEDEFAULT"}},"pageExcerptFont":{"family":"Default","variation":"Default","size":"CT_CSS_SKIP_RULE","line-height":"CT_CSS_SKIP_RULE","letter-spacing":"CT_CSS_SKIP_RULE","text-transform":"CT_CSS_SKIP_RULE","text-decoration":"CT_CSS_SKIP_RULE"},"pageExcerptColor":{"default":{"color":"CT_CSS_SKIP_RULEDEFAULT"}},"breadcrumbsFont":{"family":"Default","variation":"Default","size":"CT_CSS_SKIP_RULE","line-height":"CT_CSS_SKIP_RULE","letter-spacing":"CT_CSS_SKIP_RULE","text-transform":"CT_CSS_SKIP_RULE","text-decoration":"CT_CSS_SKIP_RULE"},"breadcrumbsFontColor":{"default":{"color":"CT_CSS_SKIP_RULEDEFAULT"},"initial":{"color":"CT_CSS_SKIP_RULEDEFAULT"},"hover":{"color":"CT_CSS_SKIP_RULEDEFAULT"}},"pageTitleOverlay":{"background_type":"color","background_pattern":"type-1","background_image":{"attachment_id":null,"x":0,"y":0},"gradient":"linear-gradient(135deg,rgba(6,147,227,1) 0%,rgb(155,81,224) 100%)","background_repeat":"repeat","background_size":"auto","background_attachment":"scroll","patternColor":{"default":{"color":"#e5e7ea"}},"overlayColor":{"default":{"color":"CT_CSS_SKIP_RULE"}},"backgroundColor":{"default":{"color":"CT_CSS_SKIP_RULE"}}},"pageTitleBackground":{"background_type":"color","background_pattern":"type-1","background_image":{"attachment_id":null,"x":0,"y":0},"gradient":"linear-gradient(135deg,rgba(6,147,227,1) 0%,rgb(155,81,224) 100%)","background_repeat":"repeat","background_size":"auto","background_attachment":"scroll","patternColor":{"default":{"color":"#e5e7ea"}},"overlayColor":{"default":{"color":"CT_CSS_SKIP_RULE"}},"backgroundColor":{"default":{"color":"var(--theme-palette-color-6)"}}},"pageTitlePadding":{"top":"50px","bottom":"50px","left":"auto","right":"auto","linked":true},"4a65ecdfab8a002d7a371af001a0a932":"","page_structure_type":"default","1d421f8915b07a1791185dd1ccf92dae":"","content_style_source":"inherit","content_style":"wide","vertical_spacing_source":"custom","content_area_spacing":"none","background":{"background_type":"color","background_pattern":"type-1","background_image":{"attachment_id":null,"x":0,"y":0},"gradient":"linear-gradient(135deg,rgba(6,147,227,1) 0%,rgb(155,81,224) 100%)","background_repeat":"repeat","background_size":"auto","background_attachment":"scroll","patternColor":{"default":{"color":"#e5e7ea"}},"overlayColor":{"default":{"color":"CT_CSS_SKIP_RULE"}},"backgroundColor":{"default":{"color":"CT_CSS_SKIP_RULE"}}},"content_background":{"background_type":"color","background_pattern":"type-1","background_image":{"attachment_id":null,"x":0,"y":0},"gradient":"linear-gradient(135deg,rgba(6,147,227,1) 0%,rgb(155,81,224) 100%)","background_repeat":"repeat","background_size":"auto","background_attachment":"scroll","patternColor":{"default":{"color":"#e5e7ea"}},"overlayColor":{"default":{"color":"CT_CSS_SKIP_RULE"}},"backgroundColor":{"default":{"color":"var(--theme-palette-color-8)"}}},"content_boxed_shadow":{"inherit":false,"blur":18,"spread":-6,"v_offset":12,"h_offset":0,"inset":false,"enable":true,"color":{"color":"rgba(34, 56, 101, 0.04)"}},"boxed_content_spacing":{"desktop":{"top":"40px","bottom":"40px","left":"40px","right":"40px","linked":true},"tablet":{"top":"35px","bottom":"35px","left":"35px","right":"35px","linked":true},"mobile":{"top":"20px","bottom":"20px","left":"20px","right":"20px","linked":true}},"content_boxed_radius":{"top":"3px","bottom":"3px","left":"3px","right":"3px","linked":true},"bff58046c813f5853af44ba3a835ce9b":"","disable_featured_image":"no","disable_share_box":"no","disable_header":"no","disable_footer":"no"},"_links":{"self":[{"href":"https:\/\/paolinadigital.fr\/fr_fr\/wp-json\/wp\/v2\/pages\/571","targetHints":{"allow":["GET"]}}],"collection":[{"href":"https:\/\/paolinadigital.fr\/fr_fr\/wp-json\/wp\/v2\/pages"}],"about":[{"href":"https:\/\/paolinadigital.fr\/fr_fr\/wp-json\/wp\/v2\/types\/page"}],"author":[{"embeddable":true,"href":"https:\/\/paolinadigital.fr\/fr_fr\/wp-json\/wp\/v2\/users\/1"}],"replies":[{"embeddable":true,"href":"https:\/\/paolinadigital.fr\/fr_fr\/wp-json\/wp\/v2\/comments?post=571"}],"version-history":[{"count":0,"href":"https:\/\/paolinadigital.fr\/fr_fr\/wp-json\/wp\/v2\/pages\/571\/revisions"}],"wp:attachment":[{"href":"https:\/\/paolinadigital.fr\/fr_fr\/wp-json\/wp\/v2\/media?parent=571"}],"curies":[{"name":"wp","href":"https:\/\/api.w.org\/{rel}","templated":true}]}}